{"id":81,"date":"2017-10-31T12:28:17","date_gmt":"2017-10-31T12:28:17","guid":{"rendered":"http:\/\/www.clinicaveterinariaguitiriz.es\/?page_id=81"},"modified":"2021-10-26T11:09:34","modified_gmt":"2021-10-26T10:09:34","slug":"onde-atoparnos","status":"publish","type":"page","link":"https:\/\/www.clinicaveterinariaguitiriz.es\/?page_id=81","title":{"rendered":"ONDE ATOPARNOS"},"content":{"rendered":"<div id=\"page\" class=\"site\">\n<div class=\"site-content-contain\">\n<footer id=\"colophon\" class=\"site-footer\" role=\"contentinfo\">\n<div class=\"wrap\">\n<aside class=\"widget-area\" role=\"complementary\">\n<div class=\"widget-column footer-widget-1\">\n<section id=\"text-8\" class=\"widget widget_text\">\n<div class=\"textwidget\">\n<p><strong>Enderezo<\/strong><br>R\u00faa R\u00edo Forx\u00e1 7, baixo<br>Guitiriz, 27300 LUGO<\/p>\n<p><span style=\"color: #ff0000;\"><em><strong>TFNO: 982 37 06 77<\/strong><\/em><\/span><\/p>\n<p><strong>Horario de consulta na cl\u00ednica<\/strong>:<\/p>\n<p>Luns a Venres:<\/p>\n<p><em>Ma\u00f1\u00e1ns, de 11.00 a 13:30&nbsp;&nbsp; <\/em><\/p>\n<p><em>Tardes,&nbsp; de 16:30 a 19:00<\/em><\/p>\n<p><em>S\u00e1bados, Domingos e Festivos atendemos URXENCIAS <\/em><\/p><\/div>\n<div class=\"textwidget\"><em><br><\/em><p><\/p>\n<p class=\"widget-title\"><strong>URXENCIAS 24 HORAS<\/strong><\/p>\n<div class=\"textwidget\">\n<p>Se precisa asistencia f\u00f3ra do horario normal de consulta, pode localizarnos 24 horas (domingos e festivos incluidos)<\/p>\n<p>no Tel\u00e9fono <strong>679 166 187<\/strong><\/p>\n<p>&nbsp;<\/p>\n<p><\/p>\n<\/div>\n<\/div>\n<\/section>\n<\/div>\n<\/aside>\n<\/div>\n<\/footer>\n<\/div>\n<\/div>\n\n\n<figure class=\"wp-block-image size-large\"><img loading=\"lazy\" width=\"886\" height=\"588\" src=\"https:\/\/www.clinicaveterinariaguitiriz.es\/wp-content\/uploads\/2021\/01\/foto-ubicacion.jpg\" alt=\"\" class=\"wp-image-221\" srcset=\"https:\/\/www.clinicaveterinariaguitiriz.es\/wp-content\/uploads\/2021\/01\/foto-ubicacion.jpg 886w, https:\/\/www.clinicaveterinariaguitiriz.es\/wp-content\/uploads\/2021\/01\/foto-ubicacion-300x199.jpg 300w, https:\/\/www.clinicaveterinariaguitiriz.es\/wp-content\/uploads\/2021\/01\/foto-ubicacion-768x510.jpg 768w\" sizes=\"(max-width: 706px) 89vw, (max-width: 767px) 82vw, 740px\" \/><\/figure>\n","protected":false},"excerpt":{"rendered":"<p>EnderezoR\u00faa R\u00edo Forx\u00e1 7, baixoGuitiriz, 27300 LUGO TFNO: 982 37 06 77 Horario de consulta na cl\u00ednica: Luns a Venres: Ma\u00f1\u00e1ns, de 11.00 a 13:30&nbsp;&nbsp; Tardes,&nbsp; de 16:30 a 19:00 S\u00e1bados, Domingos e Festivos atendemos URXENCIAS URXENCIAS 24 HORAS Se precisa asistencia f\u00f3ra do horario normal de consulta, pode localizarnos 24 horas (domingos e festivos &hellip; <\/p>\n<p class=\"link-more\"><a href=\"https:\/\/www.clinicaveterinariaguitiriz.es\/?page_id=81\" class=\"more-link\">Continuar leyendo<span class=\"screen-reader-text\"> \u00abONDE ATOPARNOS\u00bb<\/span><\/a><\/p>\n","protected":false},"author":1,"featured_media":0,"parent":0,"menu_order":0,"comment_status":"closed","ping_status":"closed","template":"","meta":[],"_links":{"self":[{"href":"https:\/\/www.clinicaveterinariaguitiriz.es\/index.php?rest_route=\/wp\/v2\/pages\/81"}],"collection":[{"href":"https:\/\/www.clinicaveterinariaguitiriz.es\/index.php?rest_route=\/wp\/v2\/pages"}],"about":[{"href":"https:\/\/www.clinicaveterinariaguitiriz.es\/index.php?rest_route=\/wp\/v2\/types\/page"}],"author":[{"embeddable":true,"href":"https:\/\/www.clinicaveterinariaguitiriz.es\/index.php?rest_route=\/wp\/v2\/users\/1"}],"replies":[{"embeddable":true,"href":"https:\/\/www.clinicaveterinariaguitiriz.es\/index.php?rest_route=%2Fwp%2Fv2%2Fcomments&post=81"}],"version-history":[{"count":16,"href":"https:\/\/www.clinicaveterinariaguitiriz.es\/index.php?rest_route=\/wp\/v2\/pages\/81\/revisions"}],"predecessor-version":[{"id":239,"href":"https:\/\/www.clinicaveterinariaguitiriz.es\/index.php?rest_route=\/wp\/v2\/pages\/81\/revisions\/239"}],"wp:attachment":[{"href":"https:\/\/www.clinicaveterinariaguitiriz.es\/index.php?rest_route=%2Fwp%2Fv2%2Fmedia&parent=81"}],"curies":[{"name":"wp","href":"https:\/\/api.w.org\/{rel}","templated":true}]}}