{"id":110,"date":"2017-10-31T14:16:36","date_gmt":"2017-10-31T13:16:36","guid":{"rendered":"http:\/\/www.clinicaveterinariaguitiriz.es\/?page_id=110"},"modified":"2017-10-31T22:19:25","modified_gmt":"2017-10-31T21:19:25","slug":"perruqueria-canina","status":"publish","type":"page","link":"https:\/\/www.clinicaveterinariaguitiriz.es\/?page_id=110","title":{"rendered":"PERRUQUERIA CANINA"},"content":{"rendered":"<p><strong>SERVICIO PREVIA CITA <\/strong><\/p>\n<p>(Tfno 982 37 06 77)<\/p>\n<ul>\n<li>Cortes de Pelo est\u00e9ticos<\/li>\n<li>Cortes de Pelo Sanitarios<\/li>\n<li>Ba\u00f1os e Lavados<\/li>\n<li>Ba\u00f1os Antiparasitarios e tratamentos terap\u00e9uticos<\/li>\n<\/ul>\n<p><img loading=\"lazy\" class=\"size-medium wp-image-114 alignleft\" src=\"http:\/\/www.clinicaveterinariaguitiriz.es\/wp-content\/uploads\/2017\/10\/peluqueria-canina-XxXx80-300x200.jpg\" alt=\"\" width=\"300\" height=\"200\" srcset=\"https:\/\/www.clinicaveterinariaguitiriz.es\/wp-content\/uploads\/2017\/10\/peluqueria-canina-XxXx80-300x200.jpg 300w, https:\/\/www.clinicaveterinariaguitiriz.es\/wp-content\/uploads\/2017\/10\/peluqueria-canina-XxXx80-768x512.jpg 768w, https:\/\/www.clinicaveterinariaguitiriz.es\/wp-content\/uploads\/2017\/10\/peluqueria-canina-XxXx80-1024x683.jpg 1024w\" sizes=\"(max-width: 300px) 100vw, 300px\" \/><\/p>\n","protected":false},"excerpt":{"rendered":"<p>SERVICIO PREVIA CITA (Tfno 982 37 06 77) Cortes de Pelo est\u00e9ticos Cortes de Pelo Sanitarios Ba\u00f1os e Lavados Ba\u00f1os Antiparasitarios e tratamentos terap\u00e9uticos<\/p>\n","protected":false},"author":1,"featured_media":0,"parent":0,"menu_order":0,"comment_status":"closed","ping_status":"closed","template":"","meta":[],"_links":{"self":[{"href":"https:\/\/www.clinicaveterinariaguitiriz.es\/index.php?rest_route=\/wp\/v2\/pages\/110"}],"collection":[{"href":"https:\/\/www.clinicaveterinariaguitiriz.es\/index.php?rest_route=\/wp\/v2\/pages"}],"about":[{"href":"https:\/\/www.clinicaveterinariaguitiriz.es\/index.php?rest_route=\/wp\/v2\/types\/page"}],"author":[{"embeddable":true,"href":"https:\/\/www.clinicaveterinariaguitiriz.es\/index.php?rest_route=\/wp\/v2\/users\/1"}],"replies":[{"embeddable":true,"href":"https:\/\/www.clinicaveterinariaguitiriz.es\/index.php?rest_route=%2Fwp%2Fv2%2Fcomments&post=110"}],"version-history":[{"count":6,"href":"https:\/\/www.clinicaveterinariaguitiriz.es\/index.php?rest_route=\/wp\/v2\/pages\/110\/revisions"}],"predecessor-version":[{"id":212,"href":"https:\/\/www.clinicaveterinariaguitiriz.es\/index.php?rest_route=\/wp\/v2\/pages\/110\/revisions\/212"}],"wp:attachment":[{"href":"https:\/\/www.clinicaveterinariaguitiriz.es\/index.php?rest_route=%2Fwp%2Fv2%2Fmedia&parent=110"}],"curies":[{"name":"wp","href":"https:\/\/api.w.org\/{rel}","templated":true}]}}