{"id":108,"date":"2017-10-31T14:16:36","date_gmt":"2017-10-31T13:16:36","guid":{"rendered":"http:\/\/www.clinicaveterinariaguitiriz.es\/?page_id=108"},"modified":"2022-10-10T16:23:00","modified_gmt":"2022-10-10T15:23:00","slug":"tenda-especializada","status":"publish","type":"page","link":"https:\/\/www.clinicaveterinariaguitiriz.es\/?page_id=108","title":{"rendered":"TENDA ESPECIALIZADA"},"content":{"rendered":"<p>Alimentaci\u00f3n personalizada para mascotas:\u00a0 primeiras marcas e garant\u00eda de calidade<\/p>\n<p>Pensos e alimento h\u00famido, para cans, gatos, e outras especies<\/p>\n<p>Dietas espec\u00edficas<\/p>\n<p>Complementos: colares, correas, comedeiros&#8230;<\/p>\n<p><img loading=\"lazy\" class=\"alignnone size-full wp-image-118\" src=\"http:\/\/www.clinicaveterinariaguitiriz.es\/wp-content\/uploads\/2017\/10\/hills.png\" alt=\"\" width=\"216\" height=\"207\" \/><img loading=\"lazy\" class=\"alignnone size-full wp-image-119\" src=\"http:\/\/www.clinicaveterinariaguitiriz.es\/wp-content\/uploads\/2017\/10\/leonardo.jpg\" alt=\"\" width=\"193\" height=\"190\" \/><img loading=\"lazy\" class=\"alignnone size-medium wp-image-135\" src=\"http:\/\/www.clinicaveterinariaguitiriz.es\/wp-content\/uploads\/2017\/10\/IMG_9858-225x300.jpg\" alt=\"\" width=\"225\" height=\"300\" srcset=\"https:\/\/www.clinicaveterinariaguitiriz.es\/wp-content\/uploads\/2017\/10\/IMG_9858-225x300.jpg 225w, https:\/\/www.clinicaveterinariaguitiriz.es\/wp-content\/uploads\/2017\/10\/IMG_9858-768x1024.jpg 768w\" sizes=\"(max-width: 225px) 100vw, 225px\" \/><img loading=\"lazy\" class=\"alignnone size-medium wp-image-136\" src=\"http:\/\/www.clinicaveterinariaguitiriz.es\/wp-content\/uploads\/2017\/10\/TENDA-PEQUE-300x225.jpg\" alt=\"\" width=\"300\" height=\"225\" srcset=\"https:\/\/www.clinicaveterinariaguitiriz.es\/wp-content\/uploads\/2017\/10\/TENDA-PEQUE-300x225.jpg 300w, https:\/\/www.clinicaveterinariaguitiriz.es\/wp-content\/uploads\/2017\/10\/TENDA-PEQUE.jpg 350w\" sizes=\"(max-width: 300px) 100vw, 300px\" \/><\/p>\n\n\n<figure class=\"wp-block-image size-large\"><img loading=\"lazy\" width=\"303\" height=\"140\" src=\"https:\/\/www.clinicaveterinariaguitiriz.es\/wp-content\/uploads\/2022\/10\/gosbi2.jpg\" alt=\"\" class=\"wp-image-246\" srcset=\"https:\/\/www.clinicaveterinariaguitiriz.es\/wp-content\/uploads\/2022\/10\/gosbi2.jpg 303w, https:\/\/www.clinicaveterinariaguitiriz.es\/wp-content\/uploads\/2022\/10\/gosbi2-300x139.jpg 300w\" sizes=\"(max-width: 303px) 100vw, 303px\" \/><\/figure>\n\n\n\n<figure class=\"wp-block-image size-large\"><img loading=\"lazy\" width=\"227\" height=\"222\" src=\"https:\/\/www.clinicaveterinariaguitiriz.es\/wp-content\/uploads\/2022\/10\/gosbi3.jpg\" alt=\"\" class=\"wp-image-247\"\/><\/figure>\n\n\n\n<figure class=\"wp-block-image size-large\"><img loading=\"lazy\" width=\"173\" height=\"291\" src=\"https:\/\/www.clinicaveterinariaguitiriz.es\/wp-content\/uploads\/2022\/10\/gosbi1.jpg\" alt=\"\" class=\"wp-image-249\"\/><\/figure>\n","protected":false},"excerpt":{"rendered":"<p>Alimentaci\u00f3n personalizada para mascotas:\u00a0 primeiras marcas e garant\u00eda de calidade Pensos e alimento h\u00famido, para cans, gatos, e outras especies Dietas espec\u00edficas Complementos: colares, correas, comedeiros&#8230;<\/p>\n","protected":false},"author":1,"featured_media":0,"parent":0,"menu_order":0,"comment_status":"closed","ping_status":"closed","template":"","meta":[],"_links":{"self":[{"href":"https:\/\/www.clinicaveterinariaguitiriz.es\/index.php?rest_route=\/wp\/v2\/pages\/108"}],"collection":[{"href":"https:\/\/www.clinicaveterinariaguitiriz.es\/index.php?rest_route=\/wp\/v2\/pages"}],"about":[{"href":"https:\/\/www.clinicaveterinariaguitiriz.es\/index.php?rest_route=\/wp\/v2\/types\/page"}],"author":[{"embeddable":true,"href":"https:\/\/www.clinicaveterinariaguitiriz.es\/index.php?rest_route=\/wp\/v2\/users\/1"}],"replies":[{"embeddable":true,"href":"https:\/\/www.clinicaveterinariaguitiriz.es\/index.php?rest_route=%2Fwp%2Fv2%2Fcomments&post=108"}],"version-history":[{"count":7,"href":"https:\/\/www.clinicaveterinariaguitiriz.es\/index.php?rest_route=\/wp\/v2\/pages\/108\/revisions"}],"predecessor-version":[{"id":250,"href":"https:\/\/www.clinicaveterinariaguitiriz.es\/index.php?rest_route=\/wp\/v2\/pages\/108\/revisions\/250"}],"wp:attachment":[{"href":"https:\/\/www.clinicaveterinariaguitiriz.es\/index.php?rest_route=%2Fwp%2Fv2%2Fmedia&parent=108"}],"curies":[{"name":"wp","href":"https:\/\/api.w.org\/{rel}","templated":true}]}}